{"id":3802,"date":"2018-10-25T15:26:09","date_gmt":"2018-10-25T12:26:09","guid":{"rendered":"https:\/\/skoutaribayview.com\/?page_id=3802"},"modified":"2022-07-08T11:57:19","modified_gmt":"2022-07-08T08:57:19","slug":"skoutari","status":"publish","type":"page","link":"https:\/\/skoutaribayview.com\/fr\/skoutari\/","title":{"rendered":"\u03a3\u03ba\u03bf\u03c5\u03c4\u03ac\u03c1\u03b9"},"content":{"rendered":"\t\t<div data-elementor-type=\"wp-page\" data-elementor-id=\"3802\" class=\"elementor elementor-3802 elementor-1292\" data-elementor-post-type=\"page\">\n\t\t\t\t\t\t<section class=\"elementor-section elementor-top-section elementor-element elementor-element-739e043d elementor-section-height-min-height elementor-section-boxed elementor-section-height-default elementor-section-items-middle\" data-id=\"739e043d\" data-element_type=\"section\" data-settings=\"{&quot;background_background&quot;:&quot;classic&quot;}\">\n\t\t\t\t\t\t\t<div class=\"elementor-background-overlay\"><\/div>\n\t\t\t\t\t\t\t<div class=\"elementor-container elementor-column-gap-default\">\n\t\t\t\t\t<div class=\"elementor-column elementor-col-100 elementor-top-column elementor-element elementor-element-425c03f4\" data-id=\"425c03f4\" data-element_type=\"column\">\n\t\t\t<div class=\"elementor-widget-wrap\">\n\t\t\t\t\t\t\t<\/div>\n\t\t<\/div>\n\t\t\t\t\t<\/div>\n\t\t<\/section>\n\t\t\t\t<section class=\"elementor-section elementor-top-section elementor-element elementor-element-d172aa9 elementor-section-boxed elementor-section-height-default elementor-section-height-default elementor-invisible\" data-id=\"d172aa9\" data-element_type=\"section\" data-settings=\"{&quot;background_background&quot;:&quot;classic&quot;,&quot;animation&quot;:&quot;fadeIn&quot;}\">\n\t\t\t\t\t\t<div class=\"elementor-container elementor-column-gap-default\">\n\t\t\t\t\t<div class=\"elementor-column elementor-col-100 elementor-top-column elementor-element elementor-element-46d14429\" data-id=\"46d14429\" data-element_type=\"column\">\n\t\t\t<div class=\"elementor-widget-wrap elementor-element-populated\">\n\t\t\t\t\t\t<div class=\"elementor-element elementor-element-9d40f3d elementor-widget elementor-widget-spacer\" data-id=\"9d40f3d\" data-element_type=\"widget\" data-widget_type=\"spacer.default\">\n\t\t\t\t<div class=\"elementor-widget-container\">\n\t\t\t\t\t\t\t<div class=\"elementor-spacer\">\n\t\t\t<div class=\"elementor-spacer-inner\"><\/div>\n\t\t<\/div>\n\t\t\t\t\t\t<\/div>\n\t\t\t\t<\/div>\n\t\t\t\t<section class=\"elementor-section elementor-inner-section elementor-element elementor-element-74e90d44 elementor-section-boxed elementor-section-height-default elementor-section-height-default\" data-id=\"74e90d44\" data-element_type=\"section\">\n\t\t\t\t\t\t<div class=\"elementor-container elementor-column-gap-default\">\n\t\t\t\t\t<div class=\"elementor-column elementor-col-100 elementor-inner-column elementor-element elementor-element-62ac73f5\" data-id=\"62ac73f5\" data-element_type=\"column\">\n\t\t\t<div class=\"elementor-widget-wrap elementor-element-populated\">\n\t\t\t\t\t\t<div class=\"elementor-element elementor-element-59d6421d elementor-widget elementor-widget-heading\" data-id=\"59d6421d\" data-element_type=\"widget\" data-widget_type=\"heading.default\">\n\t\t\t\t<div class=\"elementor-widget-container\">\n\t\t\t\t\t<h2 class=\"elementor-heading-title elementor-size-default\">Skoutari<\/h2>\t\t\t\t<\/div>\n\t\t\t\t<\/div>\n\t\t\t\t<div class=\"elementor-element elementor-element-730c1c6f elementor-widget elementor-widget-text-editor\" data-id=\"730c1c6f\" data-element_type=\"widget\" data-widget_type=\"text-editor.default\">\n\t\t\t\t<div class=\"elementor-widget-container\">\n\t\t\t\t\t\t\t\t\t<p>Ce village existait d\u00e9j\u00e0 durant l\u2019antiquit\u00e9 sous le nom de Assini et en p\u00e9riode romaine d\u00e9pendait de Sparte. \u00a0<\/p><p>Le nom Skoutari veut dire bouclier (en grec Aspida) et en 17<sup>e<\/sup> et 18<sup>e<\/sup> si\u00e8cles \u00e9tait un fief des pirates, sp\u00e9cialement du pirate notoire Barbarossa.<\/p><p>Il s\u2019agit d\u2019un petit village sur une coline de Mani orientale \u00e0 une distance de 15 km de Gytheio et autant d\u2019Areopoli.<\/p><p>La baie pittoresque de Skoutari se divise par des roch\u00e9s en trois belles plages qui arborent fi\u00e8rement chaque ann\u00e9e le drapeau bleu\u00a0: Kalamakia, Skoutari et Agia Varvara.<\/p>\t\t\t\t\t\t\t\t<\/div>\n\t\t\t\t<\/div>\n\t\t\t\t\t<\/div>\n\t\t<\/div>\n\t\t\t\t\t<\/div>\n\t\t<\/section>\n\t\t\t\t<section class=\"elementor-section elementor-inner-section elementor-element elementor-element-d8e1cb5 elementor-section-boxed elementor-section-height-default elementor-section-height-default\" data-id=\"d8e1cb5\" data-element_type=\"section\">\n\t\t\t\t\t\t<div class=\"elementor-container elementor-column-gap-default\">\n\t\t\t\t\t<div class=\"elementor-column elementor-col-100 elementor-inner-column elementor-element elementor-element-d50419b\" data-id=\"d50419b\" data-element_type=\"column\">\n\t\t\t<div class=\"elementor-widget-wrap elementor-element-populated\">\n\t\t\t\t\t\t<div class=\"elementor-element elementor-element-1b2d982 elementor-widget elementor-widget-heading\" data-id=\"1b2d982\" data-element_type=\"widget\" data-widget_type=\"heading.default\">\n\t\t\t\t<div class=\"elementor-widget-container\">\n\t\t\t\t\t<h2 class=\"elementor-heading-title elementor-size-default\">Mani<\/h2>\t\t\t\t<\/div>\n\t\t\t\t<\/div>\n\t\t\t\t<div class=\"elementor-element elementor-element-de85a02 elementor-widget elementor-widget-text-editor\" data-id=\"de85a02\" data-element_type=\"widget\" data-widget_type=\"text-editor.default\">\n\t\t\t\t<div class=\"elementor-widget-container\">\n\t\t\t\t\t\t\t\t\t<div class=\"vc_row wpb_row vc_inner vc_row-fluid\"><div class=\"wpb_column vc_column_container vc_col-sm-6\"><div class=\"vc_column-inner\"><div class=\"wpb_wrapper\"><div class=\"wpb_text_column wpb_content_element \"><div class=\"wpb_wrapper\"><p>Mani est une\u00a0 r\u00e9gion historique de P\u00e9loponn\u00e8se. Son nom \u00a0tient \u00e0 l ancien <em>man<\/em><em>\u03cc<\/em><em>s<\/em> qui signifie lieu d\u00e9pourvu de v\u00e9g\u00e9tation. \u00a0<\/p><p>La p\u00e9ninsule est le pointe sud des Balkans, couvrant la r\u00e9gion du massif de Taygetos \u00a0jusqu au Cap Tainaron, entre le golfe de Messinia et celui de Laconie.<\/p><p>Mani est une\u00a0 r\u00e9gion historique de P\u00e9loponn\u00e8se. Son nom \u00a0tient \u00e0 l ancien <em>man<\/em><em>\u03cc<\/em><em>s<\/em> qui signifie lieu d\u00e9pourvu de v\u00e9g\u00e9tation. \u00a0<\/p><p>La p\u00e9ninsule est le pointe sud des Balkans, couvrant la r\u00e9gion du massif de Taygetos \u00a0jusqu au Cap Tainaron, entre le golfe de Messinia et celui de Laconie.<\/p><p>\u00a0<\/p><p><strong><em>Mythologie grecque et rites antiques<\/em><\/strong><\/p><p>Au point extr\u00eame\u00a0sud de la p\u00e9ninsule de Mani, au Cap Tainaron il y a le temple de dieu de la mer Pos\u00e9idon. C\u2019est l\u00e0 i\u2019Oracle des Morts, l\u2019entr\u00e9e \u00e0 l\u2019autre monde, au royaume de Had\u00e8s, o\u00f9, selon la mythologie grecque, seul\u00a0 les morts pouvaient avoir acc\u00e8s.<\/p><p>Dans la Gr\u00e8ce antique on croyait que les vivants pouvaient communiquer avec les morts dans un endroit sp\u00e9cial nomm\u00e9\u00a0 \u00ab\u00a0la N\u00e9cromancie de Pos\u00e9idon\u00a0\u00bb.<\/p><p>Aujourd\u2019hui, 98 sur un total de 118 villages class\u00e9s officiellement traditionnels en P\u00e9loponn\u00e8se se trouvent \u00e0 Mani, cette r\u00e9gion historique et pittoresque avec son relief, son architecture surprenante, ses plages belles et propres.<\/p><\/div><\/div><\/div><\/div><\/div><\/div>\t\t\t\t\t\t\t\t<\/div>\n\t\t\t\t<\/div>\n\t\t\t\t\t<\/div>\n\t\t<\/div>\n\t\t\t\t\t<\/div>\n\t\t<\/section>\n\t\t\t\t<div class=\"elementor-element elementor-element-394b414a elementor-widget elementor-widget-spacer\" data-id=\"394b414a\" data-element_type=\"widget\" data-widget_type=\"spacer.default\">\n\t\t\t\t<div class=\"elementor-widget-container\">\n\t\t\t\t\t\t\t<div class=\"elementor-spacer\">\n\t\t\t<div class=\"elementor-spacer-inner\"><\/div>\n\t\t<\/div>\n\t\t\t\t\t\t<\/div>\n\t\t\t\t<\/div>\n\t\t\t\t\t<\/div>\n\t\t<\/div>\n\t\t\t\t\t<\/div>\n\t\t<\/section>\n\t\t\t\t<\/div>\n\t\t","protected":false},"excerpt":{"rendered":"<p>Skoutari Ce village existait d\u00e9j\u00e0 durant l\u2019antiquit\u00e9 sous le nom de Assini et en p\u00e9riode romaine d\u00e9pendait de Sparte. \u00a0 Le nom Skoutari veut dire bouclier (en grec Aspida) et en 17e et 18e si\u00e8cles \u00e9tait un fief des pirates, sp\u00e9cialement du pirate notoire Barbarossa. Il s\u2019agit d\u2019un petit village sur une coline de Mani [&hellip;]<\/p>\n","protected":false},"author":1,"featured_media":0,"parent":0,"menu_order":0,"comment_status":"closed","ping_status":"closed","template":"elementor_header_footer","meta":{"footnotes":""},"class_list":["post-3802","page","type-page","status-publish","hentry"],"_links":{"self":[{"href":"https:\/\/skoutaribayview.com\/fr\/wp-json\/wp\/v2\/pages\/3802","targetHints":{"allow":["GET"]}}],"collection":[{"href":"https:\/\/skoutaribayview.com\/fr\/wp-json\/wp\/v2\/pages"}],"about":[{"href":"https:\/\/skoutaribayview.com\/fr\/wp-json\/wp\/v2\/types\/page"}],"author":[{"embeddable":true,"href":"https:\/\/skoutaribayview.com\/fr\/wp-json\/wp\/v2\/users\/1"}],"replies":[{"embeddable":true,"href":"https:\/\/skoutaribayview.com\/fr\/wp-json\/wp\/v2\/comments?post=3802"}],"version-history":[{"count":8,"href":"https:\/\/skoutaribayview.com\/fr\/wp-json\/wp\/v2\/pages\/3802\/revisions"}],"predecessor-version":[{"id":3813,"href":"https:\/\/skoutaribayview.com\/fr\/wp-json\/wp\/v2\/pages\/3802\/revisions\/3813"}],"wp:attachment":[{"href":"https:\/\/skoutaribayview.com\/fr\/wp-json\/wp\/v2\/media?parent=3802"}],"curies":[{"name":"wp","href":"https:\/\/api.w.org\/{rel}","templated":true}]}}